{"id":32,"date":"2022-01-03T13:08:59","date_gmt":"2022-01-03T13:08:59","guid":{"rendered":"http:\/\/rcg2.pl\/wp\/?page_id=32"},"modified":"2022-10-02T15:49:12","modified_gmt":"2022-10-02T15:49:12","slug":"strona-glowna","status":"publish","type":"page","link":"https:\/\/rcg2.pl\/","title":{"rendered":"Strona g\u0142\u00f3wna"},"content":{"rendered":"<p>[et_pb_section fb_built=&#8221;1&#8243; fullwidth=&#8221;on&#8221; _builder_version=&#8221;4.16&#8243; _module_preset=&#8221;default&#8221; background_color=&#8221;RGBA(255,255,255,0)&#8221; global_colors_info=&#8221;{}&#8221;][et_pb_fullwidth_slider _builder_version=&#8221;4.16&#8243; _module_preset=&#8221;default&#8221; header_font=&#8221;Akronim||||||||&#8221; header_font_size=&#8221;36px&#8221; header_line_height=&#8221;1.1em&#8221; background_image=&#8221;https:\/\/rcg2.pl\/wp\/wp-content\/uploads\/2022\/01\/IMG-6154.jpg&#8221; global_colors_info=&#8221;{}&#8221;][et_pb_slide heading=&#8221;ROMUALD GIZDO\u0143&#8221; _builder_version=&#8221;4.16&#8243; _module_preset=&#8221;default&#8221; header_font=&#8221;Biryani|700|||||||&#8221; header_font_size=&#8221;32px&#8221; header_letter_spacing=&#8221;4px&#8221; header_line_height=&#8221;1.4em&#8221; body_font=&#8221;Biryani|700|||||||&#8221; body_font_size=&#8221;12px&#8221; body_letter_spacing=&#8221;1px&#8221; body_line_height=&#8221;1.4em&#8221; header_text_shadow_style=&#8221;preset1&#8243; header_text_shadow_horizontal_length=&#8221;0.12em&#8221; header_text_shadow_vertical_length=&#8221;0.07em&#8221; header_text_shadow_blur_strength=&#8221;0.13em&#8221; body_text_shadow_style=&#8221;preset1&#8243; body_text_shadow_horizontal_length=&#8221;0.24em&#8221; body_text_shadow_vertical_length=&#8221;0.17em&#8221; body_text_shadow_blur_strength=&#8221;0.22em&#8221; global_colors_info=&#8221;{}&#8221; sticky_transition=&#8221;on&#8221;]<\/p>\n<p><strong>PIANISTA &#8211; KOMPOZYTOR &#8211; ARAN\u017bER<\/strong><br \/><strong>PROJEKTOWANIE STRON WWW<\/strong><\/p>\n<p>[\/et_pb_slide][\/et_pb_fullwidth_slider][\/et_pb_section][et_pb_section fb_built=&#8221;1&#8243; _builder_version=&#8221;4.16&#8243; _module_preset=&#8221;default&#8221; background_color=&#8221;RGBA(255,255,255,0)&#8221; global_colors_info=&#8221;{}&#8221;][et_pb_row _builder_version=&#8221;4.16&#8243; _module_preset=&#8221;default&#8221; global_colors_info=&#8221;{}&#8221;][et_pb_column type=&#8221;4_4&#8243; _builder_version=&#8221;4.16&#8243; _module_preset=&#8221;default&#8221; global_colors_info=&#8221;{}&#8221;][et_pb_text _builder_version=&#8221;4.16&#8243; _module_preset=&#8221;default&#8221; text_text_color=&#8221;#2b2b2b&#8221; height=&#8221;30px&#8221; custom_margin=&#8221;-50px||55px||false|false&#8221; global_colors_info=&#8221;{}&#8221;]<\/p>\n<p><span id=\"o-mnie\" style=\"color: #333333;\"><strong><\/strong><\/span><\/p>\n<p>[\/et_pb_text][et_pb_text _builder_version=&#8221;4.16&#8243; _module_preset=&#8221;default&#8221; global_colors_info=&#8221;{}&#8221;]<\/p>\n<h2><span style=\"color: #999999;\"><strong>O MNIE<\/strong><\/span><\/h2>\n<p>[\/et_pb_text][et_pb_image src=&#8221;https:\/\/rcg2.pl\/wp\/wp-content\/uploads\/2022\/01\/slider2.jpg&#8221; title_text=&#8221;slider2&#8243; _builder_version=&#8221;4.16&#8243; _module_preset=&#8221;default&#8221; global_colors_info=&#8221;{}&#8221;][\/et_pb_image][et_pb_text _builder_version=&#8221;4.18.0&#8243; _module_preset=&#8221;default&#8221; hover_enabled=&#8221;0&#8243; global_colors_info=&#8221;{}&#8221; sticky_enabled=&#8221;0&#8243;]<\/p>\n<p><span style=\"color: #999999;\">Pianista, kompozytor, aran\u017cer, absolwent Wydzia\u0142u Jazzu i Muzyki Rozrywkowej Akademii Muzycznej w Katowicach. W latach 1983 &#8211; 1991 cz\u0142onek Orkiestry Rozrywkowej PRiTV w Katowicach pod dyr. Jerzego Miliana, a od 2014 r. reaktywowanej Milian Orkiestra. W latach 1993 &#8211; 1994 wsp\u00f3\u0142pracowa\u0142 z Teatrem Rozrywki w Chorzowie, w latach 1993 &#8211; 1999 z Teatrem \u015al\u0105skim w Katowicach. W latach 1997 &#8211; 2005 dyrektor MDK w Piekarach \u015al. i redaktor naczelny Radia Piekary. Wsp\u00f3\u0142pracowa\u0142 z wieloma artystami polskiej sceny muzycznej, m.in. z Andrzejem D\u0105browskim, Iren\u0105 Santor,\u00a0 Krzysztofem Krawczykiem, Krystyn\u0105 Pro\u0144ko, Iren\u0105 Jarock\u0105, Gra\u017cyn\u0105 \u0141obaszewsk\u0105, Danut\u0105 Morel, Ew\u0105 Uryg\u0105, Stanis\u0142awem Sojk\u0105, Mieczys\u0142awem Szcze\u015bniakiem, Grup\u0105 VOX, Grzegorzem Poloczkiem, Alicj\u0105 Majewsk\u0105, Janem Wojdakiem, Zbigniewem Wodeckim. Akompaniowa\u0142 m.in. Felicjanowi Andrzejczakowi, Bernardowi Maselemu, Kabaretom SSAK oraz RAK. Komponowa\u0142, aran\u017cowa\u0142 oraz wyst\u0119powa\u0142 m.in. z Big Silesian Band, Siemion Band, Bartos Band, Ch\u00f3rem HARMONIA, Ch\u00f3rem CAMES. Wyst\u0119powa\u0142 na wielu festiwalach, m.in. w Opolu, Sopocie, Zielonej G\u00f3rze. Wsp\u00f3\u0142pracuje nadal z kabaretami, ch\u00f3rami, orkiestrami oraz solistami jako pianista i aran\u017cer.<\/span><\/p>\n<p>[\/et_pb_text][\/et_pb_column][\/et_pb_row][et_pb_row _builder_version=&#8221;4.16&#8243; _module_preset=&#8221;default&#8221; global_colors_info=&#8221;{}&#8221;][et_pb_column type=&#8221;4_4&#8243; _builder_version=&#8221;4.16&#8243; _module_preset=&#8221;default&#8221; global_colors_info=&#8221;{}&#8221;][et_pb_text _builder_version=&#8221;4.16&#8243; _module_preset=&#8221;default&#8221; height=&#8221;30px&#8221; custom_margin=&#8221;-41px||53px||false|false&#8221; global_colors_info=&#8221;{}&#8221;]<\/p>\n<p><span style=\"color: #ffffff;\" id=\"oferta\"><strong><\/strong><\/span><\/p>\n<p>[\/et_pb_text][et_pb_text _builder_version=&#8221;4.16&#8243; _module_preset=&#8221;default&#8221; global_colors_info=&#8221;{}&#8221;]<\/p>\n<h2><span style=\"color: #999999;\"><strong>OFERTA<\/strong><\/span><\/h2>\n<p>[\/et_pb_text][et_pb_toggle title=&#8221;Oprawa muzyczna imprez&#8221; open_toggle_text_color=&#8221;#d3d3d3&#8243; open_toggle_background_color=&#8221;rgba(255,255,255,0.07)&#8221; closed_toggle_background_color=&#8221;rgba(255,255,255,0.07)&#8221; _builder_version=&#8221;4.16&#8243; _module_preset=&#8221;default&#8221; title_text_color=&#8221;rgba(211,211,211,0.8)&#8221; background_color=&#8221;rgba(43,43,43,0.45)&#8221; border_radii=&#8221;on|12px|12px|12px|12px&#8221; border_width_all=&#8221;0px&#8221; box_shadow_style=&#8221;preset3&#8243; box_shadow_blur=&#8221;20px&#8221; global_colors_info=&#8221;{}&#8221;]<\/p>\n<p><span style=\"color: #999999;\">Oprawa muzyczna typu Piano Bar (przy fortepianie) lub z dowolnym sk\u0142adem instrumentalnym:<\/span><\/p>\n<ul>\n<li><span style=\"color: #999999;\">imprez okoliczno\u015bciowych<\/span><\/li>\n<li><span style=\"color: #999999;\">imprez firmowych (spotkania, bankiety, konferencje itp.)<\/span><\/li>\n<li><span style=\"color: #999999;\">uroczysto\u015bci rodzinnych<\/span><span style=\"color: #999999;\"><\/span><\/li>\n<\/ul>\n<p><span style=\"color: #999999;\">W swoim repertuarze posiada \u015bwiatowe standardy muzyki rozrywkowej, jazzowej, musicalowej, utwory z repertuaru m.in. Franka Sinatry, Elvisa Presleya, Erica Claptona, Raya Charles\u2019a, Louisa Armstronga, Stevie Wondera, The Beatles i wielu innych wykonawc\u00f3w. <\/span><\/p>\n<p><span style=\"color: #999999;\">W swojej ofercie proponuje m.in. takie utwory, jak:<\/span><\/p>\n<p><span style=\"color: #999999;\"><\/span><span style=\"color: #999999;\"><\/span><span style=\"color: #999999;\">\u201eMy Way\u201d, \u201eStrangers In The Night\u201d, \u201eWonderful World\u201d, \u201eNew York, New York\u201d, \u201eAll Of Me\u201d, \u201eFly Me To The Moon\u201d, \u201eThe Girl From Ipanema\u201d, \u201eSway\u201d, \u201eSummertime\u201d, \u201eMoon River\u201d, \u201eOver The Rainbow\u201d, \u201eAutumn Leaves\u201d, \u201eHey Jude\u201d, \u201eImagine\u201d, \u201eLet It Be\u201d, \u201eYesterday\u201d, \u201eMemory\u201d, \u201eBlue Moon\u201d, \u201eGeorgia\u201d, \u201eBesame Mucho\u201d, \u201eFascination\u201d, \u201eMisty\u201d, \u201eSmoke Gets In Your Eyes\u201d, \u201eTea For Two\u201d, \u201eIsn\u2019t She Lovely\u201d, \u201eYou Are The Sunshine Of My Life\u201d i wiele innych.<\/span><\/p>\n<p>[\/et_pb_toggle][et_pb_toggle title=&#8221;Kompozycja &#8211; aran\u017cacja&#8221; open_toggle_text_color=&#8221;#d3d3d3&#8243; open_toggle_background_color=&#8221;rgba(255,255,255,0.07)&#8221; closed_toggle_background_color=&#8221;rgba(255,255,255,0.07)&#8221; _builder_version=&#8221;4.16&#8243; _module_preset=&#8221;default&#8221; title_text_color=&#8221;rgba(211,211,211,0.8)&#8221; background_color=&#8221;rgba(43,43,43,0.45)&#8221; border_radii=&#8221;on|12px|12px|12px|12px&#8221; border_width_all=&#8221;0px&#8221; box_shadow_style=&#8221;preset3&#8243; box_shadow_blur=&#8221;20px&#8221; global_colors_info=&#8221;{}&#8221;]<\/p>\n<p><span style=\"color: #999999;\">Komponowanie i aran\u017cowanie utwor\u00f3w wokalnych i instrumentalnych na:<\/span><\/p>\n<ul>\n<li><span style=\"color: #999999;\">ma\u0142e i du\u017ce zespo\u0142y<\/span><\/li>\n<li><span style=\"color: #999999;\">ch\u00f3ry<\/span><\/li>\n<li><span style=\"color: #999999;\">big-bandy<\/span><\/li>\n<li><span style=\"color: #999999;\">orkiestry kameralne<\/span><\/li>\n<\/ul>\n<p>[\/et_pb_toggle][et_pb_toggle title=&#8221;Fortepian\u00f3wki do ZAiKS-u&#8221; open_toggle_text_color=&#8221;#d3d3d3&#8243; open_toggle_background_color=&#8221;rgba(255,255,255,0.07)&#8221; closed_toggle_background_color=&#8221;rgba(255,255,255,0.07)&#8221; _builder_version=&#8221;4.16&#8243; _module_preset=&#8221;default&#8221; title_text_color=&#8221;rgba(211,211,211,0.8)&#8221; background_color=&#8221;rgba(43,43,43,0.45)&#8221; border_radii=&#8221;on|12px|12px|12px|12px&#8221; border_width_all=&#8221;0px&#8221; box_shadow_style=&#8221;preset3&#8243; box_shadow_blur=&#8221;20px&#8221; global_colors_info=&#8221;{}&#8221;]<\/p>\n<p><span style=\"color: #999999;\">Przygotowanie fortepian\u00f3wek do ZAIKS-u na podstawie dostarczonych:<\/span><\/p>\n<ul>\n<li><span style=\"color: #999999;\">nagra\u0144 demo<\/span><\/li>\n<li><span style=\"color: #999999;\">prymek z funkcjami<\/span><\/li>\n<li><span style=\"color: #999999;\">tekstu w przypadku piosenek<\/span><\/li>\n<\/ul>\n<p>[\/et_pb_toggle][et_pb_toggle title=&#8221;Projektowanie stron WWW&#8221; open_toggle_text_color=&#8221;#d3d3d3&#8243; open_toggle_background_color=&#8221;rgba(255,255,255,0.07)&#8221; closed_toggle_background_color=&#8221;rgba(255,255,255,0.07)&#8221; _builder_version=&#8221;4.16&#8243; _module_preset=&#8221;default&#8221; title_text_color=&#8221;rgba(211,211,211,0.8)&#8221; background_color=&#8221;rgba(43,43,43,0.45)&#8221; border_radii=&#8221;on|12px|12px|12px|12px&#8221; border_width_all=&#8221;0px&#8221; box_shadow_style=&#8221;preset3&#8243; box_shadow_blur=&#8221;20px&#8221; global_colors_info=&#8221;{}&#8221;]<\/p>\n<h5><strong><span style=\"text-decoration: underline;\"><\/span><\/strong><\/h5>\n<h5><span style=\"color: #999999;\"><strong>Przyk\u0142adowe projekty:<\/strong><\/span><\/h5>\n<ul>\n<li><span style=\"color: #999999;\"><a href=\"http:\/\/www.przychodniaprzyazotach.pl\" target=\"_blank\" rel=\"noopener\" style=\"color: #999999;\">Przychodnia przy Azotach<\/a><\/span><\/li>\n<li><span style=\"color: #999999;\"><a href=\"http:\/\/www.chorharmonia.pl\" target=\"_blank\" rel=\"noopener\" style=\"color: #999999;\">Ch\u00f3r Harmonia Miko\u0142\u00f3w<\/a><\/span><\/li>\n<li><span style=\"color: #999999;\"><a href=\"http:\/\/www.milian-orkiestra.pl\" target=\"_blank\" rel=\"noopener\" style=\"color: #999999;\">Milian Orkiestra<\/a><\/span><\/li>\n<li><span style=\"color: #999999;\"><a href=\"http:\/\/www.jazzfriends.pl\" target=\"_blank\" rel=\"noopener\" style=\"color: #999999;\">Jazz Friends<\/a><\/span><\/li>\n<li><span style=\"color: #999999;\"><a href=\"http:\/\/www.hebrajski-tlumaczenia.com\" target=\"_blank\" rel=\"noopener\" style=\"color: #999999;\">Hebrajski &#8211; T\u0142umaczenia<\/a><\/span><\/li>\n<\/ul>\n<p>[\/et_pb_toggle][\/et_pb_column][\/et_pb_row][et_pb_row _builder_version=&#8221;4.16&#8243; _module_preset=&#8221;default&#8221; global_colors_info=&#8221;{}&#8221;][et_pb_column type=&#8221;4_4&#8243; _builder_version=&#8221;4.16&#8243; _module_preset=&#8221;default&#8221; global_colors_info=&#8221;{}&#8221;][et_pb_text _builder_version=&#8221;4.16&#8243; _module_preset=&#8221;default&#8221; height=&#8221;30px&#8221; custom_margin=&#8221;-35px||50px||false|false&#8221; global_colors_info=&#8221;{}&#8221;]<\/p>\n<p><span style=\"color: #ffffff;\" id=\"koncerty\"><\/span><\/p>\n<p>[\/et_pb_text][et_pb_text _builder_version=&#8221;4.16&#8243; _module_preset=&#8221;default&#8221; global_colors_info=&#8221;{}&#8221;]<\/p>\n<h2><span style=\"color: #999999;\"><strong>FRAGMENTY KONCERT\u00d3W<\/strong><\/span><\/h2>\n<p>[\/et_pb_text][\/et_pb_column][\/et_pb_row][et_pb_row column_structure=&#8221;1_2,1_2&#8243; _builder_version=&#8221;4.16&#8243; _module_preset=&#8221;default&#8221; custom_margin=&#8221;-25px||||false|false&#8221; global_colors_info=&#8221;{}&#8221;][et_pb_column type=&#8221;1_2&#8243; _builder_version=&#8221;4.16&#8243; _module_preset=&#8221;default&#8221; global_colors_info=&#8221;{}&#8221;][et_pb_text _builder_version=&#8221;4.16&#8243; _module_preset=&#8221;default&#8221; global_colors_info=&#8221;{}&#8221;]<iframe loading=\"lazy\" width=\"560\" height=\"315\" src=\"https:\/\/www.youtube.com\/embed\/P4JB6e8ZGXw\" title=\"YouTube video player\" frameborder=\"0\" allow=\"accelerometer; autoplay; clipboard-write; encrypted-media; gyroscope; picture-in-picture\" allowfullscreen><\/iframe>[\/et_pb_text][et_pb_text _builder_version=&#8221;4.16&#8243; _module_preset=&#8221;default&#8221; global_colors_info=&#8221;{}&#8221;]<iframe loading=\"lazy\" width=\"560\" height=\"315\" src=\"https:\/\/www.youtube.com\/embed\/dptW3OurR08\" title=\"YouTube video player\" frameborder=\"0\" allow=\"accelerometer; autoplay; clipboard-write; encrypted-media; gyroscope; picture-in-picture\" allowfullscreen><\/iframe>[\/et_pb_text][et_pb_text _builder_version=&#8221;4.16&#8243; _module_preset=&#8221;default&#8221; global_colors_info=&#8221;{}&#8221;]<iframe loading=\"lazy\" width=\"560\" height=\"315\" src=\"https:\/\/www.youtube.com\/embed\/rlDHUTeOKLQ\" title=\"YouTube video player\" frameborder=\"0\" allow=\"accelerometer; autoplay; clipboard-write; encrypted-media; gyroscope; picture-in-picture\" allowfullscreen><\/iframe>[\/et_pb_text][et_pb_text _builder_version=&#8221;4.16&#8243; _module_preset=&#8221;default&#8221; global_colors_info=&#8221;{}&#8221;]<iframe loading=\"lazy\" width=\"560\" height=\"315\" src=\"https:\/\/www.youtube.com\/embed\/56j6xrsSBAI\" title=\"YouTube video player\" frameborder=\"0\" allow=\"accelerometer; autoplay; clipboard-write; encrypted-media; gyroscope; picture-in-picture\" allowfullscreen><\/iframe>[\/et_pb_text][et_pb_text _builder_version=&#8221;4.16&#8243; _module_preset=&#8221;default&#8221; global_colors_info=&#8221;{}&#8221;]<iframe loading=\"lazy\" width=\"560\" height=\"315\" src=\"https:\/\/www.youtube.com\/embed\/y-jmIAn767g\" title=\"YouTube video player\" frameborder=\"0\" allow=\"accelerometer; autoplay; clipboard-write; encrypted-media; gyroscope; picture-in-picture\" allowfullscreen><\/iframe>[\/et_pb_text][et_pb_text _builder_version=&#8221;4.16&#8243; _module_preset=&#8221;default&#8221; global_colors_info=&#8221;{}&#8221;]<iframe loading=\"lazy\" width=\"560\" height=\"315\" src=\"https:\/\/www.youtube.com\/embed\/TD4-JCXT-OM\" title=\"YouTube video player\" frameborder=\"0\" allow=\"accelerometer; autoplay; clipboard-write; encrypted-media; gyroscope; picture-in-picture\" allowfullscreen><\/iframe>[\/et_pb_text][\/et_pb_column][et_pb_column type=&#8221;1_2&#8243; _builder_version=&#8221;4.16&#8243; _module_preset=&#8221;default&#8221; global_colors_info=&#8221;{}&#8221;][et_pb_text _builder_version=&#8221;4.16&#8243; _module_preset=&#8221;default&#8221; global_colors_info=&#8221;{}&#8221;]<\/p>\n<p><iframe loading=\"lazy\" src=\"https:\/\/www.youtube.com\/embed\/dOY71dUnaJ4\" title=\"YouTube video player\" allow=\"accelerometer; autoplay; clipboard-write; encrypted-media; gyroscope; picture-in-picture\" allowfullscreen=\"\" width=\"560\" height=\"315\" frameborder=\"0\"><\/iframe><\/p>\n<p>[\/et_pb_text][et_pb_text _builder_version=&#8221;4.16&#8243; _module_preset=&#8221;default&#8221; global_colors_info=&#8221;{}&#8221;]<iframe loading=\"lazy\" width=\"560\" height=\"315\" src=\"https:\/\/www.youtube.com\/embed\/-ZXVEr4gsDQ\" title=\"YouTube video player\" frameborder=\"0\" allow=\"accelerometer; autoplay; clipboard-write; encrypted-media; gyroscope; picture-in-picture\" allowfullscreen><\/iframe>[\/et_pb_text][et_pb_text _builder_version=&#8221;4.16&#8243; _module_preset=&#8221;default&#8221; global_colors_info=&#8221;{}&#8221;]<iframe loading=\"lazy\" width=\"560\" height=\"315\" src=\"https:\/\/www.youtube.com\/embed\/ALJUJsn8CTU\" title=\"YouTube video player\" frameborder=\"0\" allow=\"accelerometer; autoplay; clipboard-write; encrypted-media; gyroscope; picture-in-picture\" allowfullscreen><\/iframe>[\/et_pb_text][et_pb_text _builder_version=&#8221;4.16&#8243; _module_preset=&#8221;default&#8221; global_colors_info=&#8221;{}&#8221;]<iframe loading=\"lazy\" width=\"560\" height=\"315\" src=\"https:\/\/www.youtube.com\/embed\/jqH5HpQoZeA\" title=\"YouTube video player\" frameborder=\"0\" allow=\"accelerometer; autoplay; clipboard-write; encrypted-media; gyroscope; picture-in-picture\" allowfullscreen><\/iframe>[\/et_pb_text][et_pb_text _builder_version=&#8221;4.16&#8243; _module_preset=&#8221;default&#8221; global_colors_info=&#8221;{}&#8221;]<iframe loading=\"lazy\" width=\"560\" height=\"315\" src=\"https:\/\/www.youtube.com\/embed\/BNpDqP9XPn0\" title=\"YouTube video player\" frameborder=\"0\" allow=\"accelerometer; autoplay; clipboard-write; encrypted-media; gyroscope; picture-in-picture\" allowfullscreen><\/iframe>[\/et_pb_text][et_pb_text _builder_version=&#8221;4.16&#8243; _module_preset=&#8221;default&#8221; global_colors_info=&#8221;{}&#8221;]<iframe loading=\"lazy\" width=\"560\" height=\"315\" src=\"https:\/\/www.youtube.com\/embed\/BeqYBR_H5hI\" title=\"YouTube video player\" frameborder=\"0\" allow=\"accelerometer; autoplay; clipboard-write; encrypted-media; gyroscope; picture-in-picture\" allowfullscreen><\/iframe>[\/et_pb_text][\/et_pb_column][\/et_pb_row][et_pb_row _builder_version=&#8221;4.16&#8243; _module_preset=&#8221;default&#8221; global_colors_info=&#8221;{}&#8221;][et_pb_column type=&#8221;4_4&#8243; _builder_version=&#8221;4.16&#8243; _module_preset=&#8221;default&#8221; global_colors_info=&#8221;{}&#8221;][et_pb_text _builder_version=&#8221;4.16&#8243; _module_preset=&#8221;default&#8221; height=&#8221;30px&#8221; custom_margin=&#8221;-39px||47px||false|false&#8221; global_colors_info=&#8221;{}&#8221;]<\/p>\n<p><span style=\"color: #ffffff;\" id=\"kontakt\"><\/span><\/p>\n<p>[\/et_pb_text][et_pb_text _builder_version=&#8221;4.16&#8243; _module_preset=&#8221;default&#8221; global_colors_info=&#8221;{}&#8221;]<\/p>\n<h2><span style=\"color: #999999;\"><strong>KONTAKT<\/strong><\/span><\/h2>\n<p>[\/et_pb_text][et_pb_text _builder_version=&#8221;4.16&#8243; _module_preset=&#8221;default&#8221; global_colors_info=&#8221;{}&#8221;]<\/p>\n<h4><span style=\"color: #999999;\"><strong>ROMUALD GIZDO\u0143<\/strong><\/span><\/h4>\n<p>[\/et_pb_text][et_pb_text _builder_version=&#8221;4.16&#8243; _module_preset=&#8221;default&#8221; global_colors_info=&#8221;{}&#8221;]<\/p>\n<p><span style=\"color: #999999;\">tel. +48 601 454 234<\/span><\/p>\n<p><span style=\"color: #999999;\">e-mail: r.gizdon@gmail.com<\/span><\/p>\n<p>[\/et_pb_text][\/et_pb_column][\/et_pb_row][et_pb_row column_structure=&#8221;1_2,1_2&#8243; _builder_version=&#8221;4.16&#8243; _module_preset=&#8221;default&#8221; global_colors_info=&#8221;{}&#8221;][et_pb_column type=&#8221;1_2&#8243; _builder_version=&#8221;4.16&#8243; _module_preset=&#8221;default&#8221; global_colors_info=&#8221;{}&#8221;][et_pb_image src=&#8221;https:\/\/rcg2.pl\/wp\/wp-content\/uploads\/2022\/01\/piano-6a.jpg&#8221; title_text=&#8221;piano-6a&#8221; _builder_version=&#8221;4.16&#8243; _module_preset=&#8221;default&#8221; global_colors_info=&#8221;{}&#8221;][\/et_pb_image][et_pb_image src=&#8221;https:\/\/rcg2.pl\/wp\/wp-content\/uploads\/2022\/08\/foto5.jpg&#8221; title_text=&#8221;foto5&#8243; _builder_version=&#8221;4.16&#8243; _module_preset=&#8221;default&#8221; global_colors_info=&#8221;{}&#8221;][\/et_pb_image][et_pb_image src=&#8221;https:\/\/rcg2.pl\/wp\/wp-content\/uploads\/2022\/01\/piano.jpg&#8221; title_text=&#8221;piano&#8221; _builder_version=&#8221;4.16&#8243; _module_preset=&#8221;default&#8221; global_colors_info=&#8221;{}&#8221;][\/et_pb_image][\/et_pb_column][et_pb_column type=&#8221;1_2&#8243; _builder_version=&#8221;4.16&#8243; _module_preset=&#8221;default&#8221; global_colors_info=&#8221;{}&#8221;][et_pb_image src=&#8221;https:\/\/rcg2.pl\/wp\/wp-content\/uploads\/2022\/01\/foto3.jpg&#8221; title_text=&#8221;foto3&#8243; _builder_version=&#8221;4.16&#8243; _module_preset=&#8221;default&#8221; global_colors_info=&#8221;{}&#8221;][\/et_pb_image][et_pb_image src=&#8221;https:\/\/rcg2.pl\/wp\/wp-content\/uploads\/2022\/08\/foto6.jpg&#8221; title_text=&#8221;foto6&#8243; _builder_version=&#8221;4.16&#8243; _module_preset=&#8221;default&#8221; global_colors_info=&#8221;{}&#8221;][\/et_pb_image][et_pb_image src=&#8221;https:\/\/rcg2.pl\/wp\/wp-content\/uploads\/2022\/01\/foto2.jpg&#8221; title_text=&#8221;foto2&#8243; _builder_version=&#8221;4.16&#8243; _module_preset=&#8221;default&#8221; global_colors_info=&#8221;{}&#8221;][\/et_pb_image][\/et_pb_column][\/et_pb_row][\/et_pb_section][et_pb_section fb_built=&#8221;1&#8243; fullwidth=&#8221;on&#8221; _builder_version=&#8221;4.16&#8243; _module_preset=&#8221;default&#8221; background_color=&#8221;RGBA(255,255,255,0)&#8221; custom_margin=&#8221;||||false|false&#8221; global_colors_info=&#8221;{}&#8221;][et_pb_fullwidth_code _builder_version=&#8221;4.16&#8243; _module_preset=&#8221;default&#8221; text_orientation=&#8221;center&#8221; custom_margin=&#8221;-14px||0px||false|false&#8221; custom_padding=&#8221;||0px||false|false&#8221; global_colors_info=&#8221;{}&#8221;]<!-- www.DarmowyLicznik.pl --><!-- [et_pb_line_break_holder] --><\/p>\n<div class=\"image-rotator\">\n<div class=\"rotator-slide\" id=\"rotator-slide-1\"><a href=\"https:\/\/www.darmowylicznik.pl\/\" title=\"Przejd\u017a na stron\u0119 licznika\" target=\"_blank\" rel=\"noopener\"><img src=\"https:\/\/www.darmowylicznik.pl\/licznik.php?id=144891\" alt=\"Darmowy licznik odwiedzin\" style=\"border:0px;\" \/><\/a><\/div>\n<\/div>\n<p><!-- [et_pb_line_break_holder] --><!-- END www.DarmowyLicznik.pl -->[\/et_pb_fullwidth_code][\/et_pb_section]<\/p>\n","protected":false},"excerpt":{"rendered":"<p>PIANISTA &#8211; KOMPOZYTOR &#8211; ARAN\u017bERPROJEKTOWANIE STRON WWWO MNIEPianista, kompozytor, aran\u017cer, absolwent Wydzia\u0142u Jazzu i Muzyki Rozrywkowej Akademii Muzycznej w Katowicach. W latach 1983 &#8211; 1991 cz\u0142onek Orkiestry Rozrywkowej PRiTV w Katowicach pod dyr. Jerzego Miliana, a od 2014 r. reaktywowanej Milian Orkiestra. W latach 1993 &#8211; 1994 wsp\u00f3\u0142pracowa\u0142 z Teatrem Rozrywki w Chorzowie, w latach [&hellip;]<\/p>\n","protected":false},"author":1,"featured_media":0,"parent":0,"menu_order":0,"comment_status":"closed","ping_status":"closed","template":"","meta":{"_et_pb_use_builder":"on","_et_pb_old_content":"","_et_gb_content_width":""},"_links":{"self":[{"href":"https:\/\/rcg2.pl\/index.php\/wp-json\/wp\/v2\/pages\/32"}],"collection":[{"href":"https:\/\/rcg2.pl\/index.php\/wp-json\/wp\/v2\/pages"}],"about":[{"href":"https:\/\/rcg2.pl\/index.php\/wp-json\/wp\/v2\/types\/page"}],"author":[{"embeddable":true,"href":"https:\/\/rcg2.pl\/index.php\/wp-json\/wp\/v2\/users\/1"}],"replies":[{"embeddable":true,"href":"https:\/\/rcg2.pl\/index.php\/wp-json\/wp\/v2\/comments?post=32"}],"version-history":[{"count":109,"href":"https:\/\/rcg2.pl\/index.php\/wp-json\/wp\/v2\/pages\/32\/revisions"}],"predecessor-version":[{"id":374,"href":"https:\/\/rcg2.pl\/index.php\/wp-json\/wp\/v2\/pages\/32\/revisions\/374"}],"wp:attachment":[{"href":"https:\/\/rcg2.pl\/index.php\/wp-json\/wp\/v2\/media?parent=32"}],"curies":[{"name":"wp","href":"https:\/\/api.w.org\/{rel}","templated":true}]}}